{"id":143,"date":"2015-12-09T14:33:16","date_gmt":"2015-12-09T14:33:16","guid":{"rendered":"http:\/\/demos.artbees.net\/jupiter5\/hermippe\/?page_id=143"},"modified":"2025-08-14T09:47:17","modified_gmt":"2025-08-14T09:47:17","slug":"formation","status":"publish","type":"page","link":"https:\/\/roxanebutterfly.com\/en\/formation\/","title":{"rendered":"Tap training"},"content":{"rendered":"<div class=\"wpb-content-wrapper\">[mk_page_section bg_image=&#8221;https:\/\/roxanebutterfly.com\/wp-content\/uploads\/2015\/12\/5-Roxane-Butterfly-.jpeg&#8221; bg_color=&#8221;#90d5ff&#8221; blend_mode=&#8221;luminosity&#8221; attachment=&#8221;fixed&#8221; bg_position=&#8221;center top&#8221; bg_repeat=&#8221;no-repeat&#8221; bg_stretch=&#8221;true&#8221; enable_3d=&#8221;true&#8221; speed_factor=&#8221;0.8&#8243; min_height=&#8221;745&#8243; full_width=&#8221;true&#8221; padding_top=&#8221;0&#8243; padding_bottom=&#8221;48&#8243; top_shape_color=&#8221;#ffffff&#8221; has_bottom_shape_divider=&#8221;true&#8221; bottom_shape_color=&#8221;#ffffff&#8221; sidebar=&#8221;sidebar-1&#8243;][vc_column][vc_row_inner css=&#8221;.vc_custom_1449585288855{background-image: url(https:\/\/roxanebutterfly.com\/wp-content\/uploads\/2015\/12\/patterns4-1.png?id=23) !important;background-position: 0 0 !important;background-repeat: repeat !important;}&#8221;]\n[\/vc_row_inner][\/vc_column][\/mk_page_section][vc_row][vc_column][mk_padding_divider size=&#8221;31&#8243;][vc_column_text css=&#8221;.vc_custom_1754900232099{margin-bottom: 0px !important;}&#8221;]https:\/\/www.youtube.com\/watch?v=v-4r6lrLdU8<\/p>\n<div class=\"ULSxyf\">\n<div class=\"MjjYud\">\n<div class=\"A6K0A\" data-rpos=\"0\">\n<div class=\"Ww4FFb vt6azd obcontainer wDYxhc\" data-md=\"77\" data-hveid=\"CAkQAA\" data-ved=\"2ahUKEwjM2Jq0_c2OAxVuVaQEHQnQNeEQkCl6BAgJEAA\">\n<div class=\"EyBRub\" data-kpfbbcast=\"\">\n<div id=\"tw-main\" data-hveid=\"CAkQAQ\">\n<div id=\"tw-container\" class=\"nev7se\" data-cp=\"1\" data-nnttsvi=\"1\" data-ntl-fpwrite=\"true\" data-ntl-tooltip=\"true\" data-sletp=\"false\" data-sm=\"1\" data-ssbp=\"true\" data-sugg-time=\"500\" data-sugg-url=\"https:\/\/clients1.google.com\/complete\/search\" data-uilc=\"en\" data-vil=\",af,af-ZA,am,am-ET,ar-EG,ar-AE,ar-KW,ar-QA,ar,ar-IL,ar-JO,ar-LB,ar-PS,az,az-AZ,bg,bg-BG,bn,bn-BD,bn-IN,ca,ca-es,cs,cs-CZ,de,de-DE,de-CH,de-AT,de-LI,en,en-US,en-CA,en-AU,en-NZ,en-GB,en-IN,en-KE,en-TZ,en-NG,en-GH,en-PH,en-ZA,es,es-ES,es-AR,es-UY,es-419,es-BO,es-CL,es-CR,es-CO,es-DO,es-EC,es-GT,es-HN,es-NI,es-PA,es-PE,es-PR,es-PY,es-SV,es-VE,es-MX,es-US,eu,eu-ES,fi,fi-FI,fr,fr-FR,fr-CH,fr-BE,gl,gl-ES,gu,gu-IN,he,he-IL,iw,iw-IL,hu,hu-HU,hy,hy-AM,id,id-ID,is,is-IS,it,it-IT,it-CH,ja,ja-JP,jv,jv-ID,ka,ka-GE,km,km-KH,kn,kn-IN,ko,ko-KR,la,lo,lo-LA,lv,lv-LV,ml,ml-IN,mr,mr-IN,ms,ms-MY,nl,nl-NL,nb,nb-NO,ne,ne-NP,pl,pl-PL,pt,pt-BR,pt-PT,ro,ro-RO,ru,ru-RU,si-LK,sk,sk-SK,sr,sr-RS,su,su-ID,sv,sv-SE,sw,sw-TZ,sw-KE,ta,ta-IN,ta-SG,ta-LK,ta-MY,te,te-IN,tr,tr-TR,ur,ur-PK,ur-IN,yue,yue-HK,yue-Hant-HK,zh-HK,zh,zh-CN,zh-cmn,zh-cmn-CN,zh-Hans,zh-Hans-CN,zh-cmn-Hans,zh-cmn-Hans-CN,cmn-CN,cmn-Hans,cmn-Hans-CN,zh-TW,zh-Hant-TW,cmn-TW,cmn-Hant-TW,zh-cmn-TW,zh-cmn-Hant-TW,zu,zu-ZA,hi,hi-IN,tl,tl-PH,pa,pa-IN\">\n<div id=\"tw-ob\" class=\"tw-src-ltr\">\n<div class=\"oSioSc\">\n<div id=\"tw-target\">\n<div id=\"kAz1tf\" class=\"g9WsWb PZPZlf\" data-attrid=\"tw-targetArea\" data-entityname=\"Google Translate\">\n<div id=\"tw-target-text-container\" class=\"tw-ta-container tw-nfl\" tabindex=\"0\" role=\"text\">\n<div class=\"wpb_row vc_row vc_row-fluid mk-fullwidth-false attched-false js-master-row mk-in-viewport\" data-mk-stretch-content=\"true\">\n<div class=\"vc_col-sm-12 wpb_column column_container _ height-full\">\n<div class=\" vc_custom_1753019177636\">\n<div id=\"text-block-4\" class=\"mk-text-block \">\n<p><strong>Pedagogy<br \/>\n<\/strong>Appreciated for her teachings, Roxane has taught in major american universities and some of the finest dance schools on Broadway (Steps on Broadway, Broadway Dance Center). In 2010, she founded the <a href=\"https:\/\/roxanebutterfly.com\/jimmy-slyde-institute-barcelona-2-2\/\" target=\"_blank\" rel=\"noopener\">Jimmy Slyde Institute<\/a> in Barcelona (JSI), in memory of her mentor <a href=\"https:\/\/www.youtube.com\/watch?v=yYCm31BcgWc\" target=\"_blank\" rel=\"noopener\">Jimmy Slyde<\/a>. Her pedagogy is based on\u00a0 transmission, preservation, innovation and the rehabilitation of tap&#8217;s historical narrative within its african-american perspective.<\/p>\n<div class=\"clearboth\"><\/div>\n<\/div>\n<\/div>\n<div class=\" vc_custom_1753019103409\">\n<div id=\"text-block-6\" class=\"mk-text-block \">\n<p><strong>On going training courses<\/strong><\/p>\n<ul>\n<li>Conservatories of Paris<br \/>\n<a href=\"https:\/\/conservatoires.paris.fr\/conservatoires\/chopin\" target=\"_blank\" rel=\"noopener\">Conservatoire Fr\u00e9d\u00e9ric Chopin<\/a> (Monday\u00a0 : 5pm -&gt; 9pm \/ Wednesday 1.30- 5.15pm). 43 rue Bargue, 75015 Paris<br \/>\n<a href=\"https:\/\/conservatoires.paris.fr\/conservatoires\/boulanger\" target=\"_blank\" rel=\"noopener\">Conservatoire Nadia et Lili Boulanger<\/a> (Thursday: 10:30-12:30 \/ Saturday 3pm\u00a0 -&gt;&gt;5pm). 17 rue Marguerite de Rochechouart, 75009 Paris.<\/li>\n<li>Professional training <a href=\"https:\/\/www.pspbb.fr\/en\" target=\"_blank\" rel=\"noopener\">P\u00f4le Sup\u00e9rieur Paris Boulogne-Billancourt.<\/a><\/li>\n<li>Professional training <a href=\"https:\/\/www.juste-debout-school.com\/en\/pro-training\/\" target=\"_blank\" rel=\"noopener\">Juste Debout School<\/a><\/li>\n<\/ul>\n<\/div>\n<\/div>\n<\/div>\n<\/div>\n<div class=\"wpb_row vc_row vc_row-fluid mk-fullwidth-false attched-false js-master-row mk-in-viewport\" data-mk-stretch-content=\"true\">\n<div class=\"vc_col-sm-12 wpb_column column_container _ height-full\">\n<div class=\" vc_custom_1753094642532\">\n<div id=\"text-block-8\" class=\"mk-text-block \">\n<p><strong>Workshops<\/strong><\/p>\n<ul>\n<li><a href=\"https:\/\/roxanebutterfly.com\/tap-dance-intensives\/\" target=\"_blank\" rel=\"noopener\">PARIS SUMMER TAP INTENSIVES<\/a><br \/>\nEurope&#8217;s international Tap dance rendez-vous in the tradition of <a href=\"https:\/\/roxanebutterfly.com\/jimmy-slyde-institute-barcelona-2-2\/\" target=\"_blank\" rel=\"noopener\">Jimmy Slyde Institute<\/a>.<\/li>\n<\/ul>\n<\/div>\n<\/div>\n<\/div>\n<\/div>\n<\/div>\n<\/div>\n<\/div>\n<\/div>\n<\/div>\n<\/div>\n<\/div>\n<\/div>\n<\/div>\n<\/div>\n<\/div>\n<\/div>\n<div>\n<div class=\"MjjYud\">\n<div class=\"A6K0A\" data-rpos=\"1\">\n<div class=\"vt6azd Ww4FFb\" data-hveid=\"CBwQAA\">\n<div class=\"BYM4Nd\">\n<div class=\"eKjLze\">\n<div class=\"Y6JuXb\"><img loading=\"lazy\" decoding=\"async\" class=\"alignnone size-medium wp-image-6091\" src=\"https:\/\/roxanebutterfly.com\/wp-content\/uploads\/2025\/08\/487201445_10233467933737976_5972897475325317561_n-300x251.jpg\" alt=\"\" width=\"300\" height=\"251\" srcset=\"https:\/\/roxanebutterfly.com\/wp-content\/uploads\/2025\/08\/487201445_10233467933737976_5972897475325317561_n-300x251.jpg 300w, https:\/\/roxanebutterfly.com\/wp-content\/uploads\/2025\/08\/487201445_10233467933737976_5972897475325317561_n-768x644.jpg 768w, https:\/\/roxanebutterfly.com\/wp-content\/uploads\/2025\/08\/487201445_10233467933737976_5972897475325317561_n.jpg 940w\" sizes=\"auto, (max-width: 300px) 100vw, 300px\" \/><\/div>\n<\/div>\n<\/div>\n<\/div>\n<\/div>\n<\/div>\n<\/div>\n[\/vc_column_text][mk_padding_divider][vc_column_text css=&#8221;.vc_custom_1755164835663{margin-bottom: 0px !important;}&#8221;]\n<div class=\" vc_custom_1683761484310\">\n<div id=\"text-block-14\" class=\"mk-text-block \">\n<div class=\" vc_custom_1679776569013\">\n<div id=\"text-block-10\" class=\"mk-text-block \">\n<div class=\" vc_custom_1753098453966\">\n<div id=\"text-block-10\" class=\"mk-text-block \">\n<p><strong><a href=\"https:\/\/roxanebutterfly.com\/wp-content\/uploads\/2025\/07\/atelier-tap-dance-1.pages\">Rhythms for Everyone\u00a0<\/a><\/strong><br \/>\nInclusive tap workshop open to all public, neuro-divergent students included.<br \/>\nSaturday 3-4pm @ <a href=\"https:\/\/conservatoires.paris.fr\/conservatoires\/boulanger\" target=\"_blank\" rel=\"noopener\">Conservatoire Nadia et Lili Boulanger<\/a> (Studio Cromo\/ M\u00b0 Cadet).<\/p>\n<p><img loading=\"lazy\" decoding=\"async\" class=\"alignnone size-medium wp-image-5351\" src=\"https:\/\/roxanebutterfly.com\/wp-content\/uploads\/2024\/08\/449839212_10230378801271595_778169133697687151_n-300x200.jpg\" sizes=\"auto, (max-width: 300px) 100vw, 300px\" srcset=\"https:\/\/roxanebutterfly.com\/wp-content\/uploads\/2024\/08\/449839212_10230378801271595_778169133697687151_n-300x200.jpg 300w, https:\/\/roxanebutterfly.com\/wp-content\/uploads\/2024\/08\/449839212_10230378801271595_778169133697687151_n-1024x683.jpg 1024w, https:\/\/roxanebutterfly.com\/wp-content\/uploads\/2024\/08\/449839212_10230378801271595_778169133697687151_n-768x512.jpg 768w, https:\/\/roxanebutterfly.com\/wp-content\/uploads\/2024\/08\/449839212_10230378801271595_778169133697687151_n.jpg 1800w\" alt=\"\" width=\"300\" height=\"200\" \/><\/p>\n<\/div>\n<\/div>\n<div class=\" vc_custom_1753020644969\">\n<div id=\"text-block-12\" class=\"mk-text-block \">\n<p><a href=\"https:\/\/roxanebutterfly.com\/en\/jimmy-slyde-institute-barcelona\/\" target=\"_blank\" rel=\"noopener\"><strong><span style=\"color: #ff6600;\">Jimmy Slyde Institute<\/span><\/strong><\/a><br \/>\nTap-dance center dedicated to the preservation and transmission of contemporary tap.<\/p>\n<p><a href=\"https:\/\/roxanebutterfly.com\/en\/jimmy-slyde-institute-barcelona-2-2\/\" target=\"_blank\" rel=\"noopener\"><img loading=\"lazy\" decoding=\"async\" class=\"alignnone size-medium wp-image-765\" src=\"https:\/\/roxanebutterfly.com\/wp-content\/uploads\/2017\/01\/13873063_10208816183779634_3198037074112561121_n-300x169.jpg\" sizes=\"auto, (max-width: 300px) 100vw, 300px\" srcset=\"https:\/\/roxanebutterfly.com\/wp-content\/uploads\/2017\/01\/13873063_10208816183779634_3198037074112561121_n-300x169.jpg 300w, https:\/\/roxanebutterfly.com\/wp-content\/uploads\/2017\/01\/13873063_10208816183779634_3198037074112561121_n-768x432.jpg 768w, https:\/\/roxanebutterfly.com\/wp-content\/uploads\/2017\/01\/13873063_10208816183779634_3198037074112561121_n.jpg 960w\" alt=\"\" width=\"300\" height=\"169\" \/><\/a><\/p>\n<\/div>\n<\/div>\n<\/div>\n<\/div>\n<\/div>\n<\/div>\n<p><strong>Coaching<\/strong><br \/>\nEnjoy one-on-one \u00e0-la-carte sessions to develop your musicality, strengthen your improvisational skills, perfect your choreographies etc&#8230; Sign up via the registration form below.[\/vc_column_text][mk_padding_divider size=&#8221;20&#8243;][vc_row_inner][vc_column_inner width=&#8221;1\/2&#8243;][mk_contact_form title=&#8221;Receive informations on classes and workshops&#8221; button_text=&#8221;Submit&#8221;][\/vc_column_inner][vc_column_inner width=&#8221;1\/2&#8243;][vc_images_carousel images=&#8221;5555,5700,5176,4332,5703,4687,5698,5144,4331,5699,5004,5697,5695,4258,5706,5707,5705,5704,3777,5694,5702,5132,5696&#8243; img_size=&#8221;medium&#8221; speed=&#8221;2000&#8243; autoplay=&#8221;yes&#8221; hide_pagination_control=&#8221;yes&#8221; hide_prev_next_buttons=&#8221;yes&#8221; wrap=&#8221;yes&#8221; css=&#8221;&#8221;][\/vc_column_inner][\/vc_row_inner][\/vc_column][\/vc_row][vc_row][vc_column][vc_column_text]\n[\/vc_column_text][\/vc_column][\/vc_row]\n<\/div>","protected":false},"excerpt":{"rendered":"<p>Sorry, this entry is only available in Fran\u00e7ais.[mk_page_section bg_image=&#8221;https:\/\/roxanebutterfly.com\/wp-content\/uploads\/2015\/12\/5-Roxane-Butterfly-.jpeg&#8221; bg_color=&#8221;#90d5ff&#8221; blend_mode=&#8221;luminosity&#8221; attachment=&#8221;fixed&#8221; bg_position=&#8221;center top&#8221; bg_repeat=&#8221;no-repeat&#8221; bg_stretch=&#8221;true&#8221; enable_3d=&#8221;true&#8221; speed_factor=&#8221;0.8&#8243; min_height=&#8221;745&#8243; full_width=&#8221;true&#8221; padding_top=&#8221;0&#8243; padding_bottom=&#8221;48&#8243; top_shape_color=&#8221;#ffffff&#8221; has_bottom_shape_divider=&#8221;true&#8221; bottom_shape_color=&#8221;#ffffff&#8221; sidebar=&#8221;sidebar-1&#8243;][vc_column][vc_row_inner css=&#8221;.vc_custom_1449585288855{background-image: url(https:\/\/roxanebutterfly.com\/wp-content\/uploads\/2015\/12\/patterns4-1.png?id=23) !important;background-position: 0 0 !important;background-repeat: repeat !important;}&#8221;] [\/vc_row_inner][\/vc_column][\/mk_page_section][vc_row][vc_column][mk_padding_divider size=&#8221;31&#8243;][vc_column_text css=&#8221;.vc_custom_1754898620678{margin-bottom: 0px !important;}&#8221;]https:\/\/www.youtube.com\/watch?v=v-4r6lrLdU8 M\u00e9thodologie Appr\u00e9ci\u00e9e pour ses talents de professeur.e, Roxane a enseign\u00e9 dans les grandes universit\u00e9s am\u00e9ricaines et [&hellip;]<\/p>\n","protected":false},"author":3,"featured_media":5578,"parent":0,"menu_order":0,"comment_status":"closed","ping_status":"closed","template":"","meta":{"_monsterinsights_skip_tracking":false,"_monsterinsights_sitenote_active":false,"_monsterinsights_sitenote_note":"","_monsterinsights_sitenote_category":0,"footnotes":""},"class_list":["post-143","page","type-page","status-publish","has-post-thumbnail","hentry"],"aioseo_notices":[],"_links":{"self":[{"href":"https:\/\/roxanebutterfly.com\/en\/wp-json\/wp\/v2\/pages\/143","targetHints":{"allow":["GET"]}}],"collection":[{"href":"https:\/\/roxanebutterfly.com\/en\/wp-json\/wp\/v2\/pages"}],"about":[{"href":"https:\/\/roxanebutterfly.com\/en\/wp-json\/wp\/v2\/types\/page"}],"author":[{"embeddable":true,"href":"https:\/\/roxanebutterfly.com\/en\/wp-json\/wp\/v2\/users\/3"}],"replies":[{"embeddable":true,"href":"https:\/\/roxanebutterfly.com\/en\/wp-json\/wp\/v2\/comments?post=143"}],"version-history":[{"count":706,"href":"https:\/\/roxanebutterfly.com\/en\/wp-json\/wp\/v2\/pages\/143\/revisions"}],"predecessor-version":[{"id":6097,"href":"https:\/\/roxanebutterfly.com\/en\/wp-json\/wp\/v2\/pages\/143\/revisions\/6097"}],"wp:featuredmedia":[{"embeddable":true,"href":"https:\/\/roxanebutterfly.com\/en\/wp-json\/wp\/v2\/media\/5578"}],"wp:attachment":[{"href":"https:\/\/roxanebutterfly.com\/en\/wp-json\/wp\/v2\/media?parent=143"}],"curies":[{"name":"wp","href":"https:\/\/api.w.org\/{rel}","templated":true}]}}