{"id":176,"date":"2015-12-09T16:06:52","date_gmt":"2015-12-09T16:06:52","guid":{"rendered":"http:\/\/demos.artbees.net\/jupiter5\/hermippe\/?page_id=176"},"modified":"2025-07-28T10:01:13","modified_gmt":"2025-07-28T10:01:13","slug":"media","status":"publish","type":"page","link":"https:\/\/roxanebutterfly.com\/en\/media\/","title":{"rendered":"Media"},"content":{"rendered":"<div class=\"wpb-content-wrapper\">[mk_page_section bg_image=&#8221;https:\/\/roxanebutterfly.com\/wp-content\/uploads\/2015\/12\/15-Roxane-Butterfly.jpg&#8221; blend_mode=&#8221;luminosity&#8221; attachment=&#8221;fixed&#8221; bg_position=&#8221;center top&#8221; bg_repeat=&#8221;no-repeat&#8221; bg_stretch=&#8221;true&#8221; enable_3d=&#8221;true&#8221; speed_factor=&#8221;0.8&#8243; min_height=&#8221;745&#8243; full_width=&#8221;true&#8221; padding_top=&#8221;0&#8243; padding_bottom=&#8221;48&#8243; top_shape_color=&#8221;#ffffff&#8221; has_bottom_shape_divider=&#8221;true&#8221; bottom_shape_color=&#8221;#ffffff&#8221; sidebar=&#8221;sidebar-1&#8243;][vc_column][vc_row_inner css=&#8221;.vc_custom_1449585288855{background-image: url(https:\/\/roxanebutterfly.com\/wp-content\/uploads\/2015\/12\/patterns4-1.png?id=23) !important;background-position: 0 0 !important;background-repeat: repeat !important;}&#8221;]\n[\/vc_row_inner][\/vc_column][\/mk_page_section][vc_row][vc_column width=&#8221;1\/2&#8243;][mk_padding_divider size=&#8221;15&#8243;][mk_fancy_title color=&#8221;#1e73be&#8221; size=&#8221;30&#8243; font_family=&#8221;none&#8221;]TV INTERVIEWS in French[\/mk_fancy_title][vc_video title=&#8221;Afronight sur T\u00e9l\u00e9sud par Serge Fattoh avec Roxane Butterfly&#8221; link=&#8221;https:\/\/youtu.be\/aiBzfGaCU1Y&#8221;][mk_padding_divider size=&#8221;46&#8243;][vc_video title=&#8221;TAPmatazz sur France 3&#8243; link=&#8221;https:\/\/www.youtube.com\/watch?time_continue=1&amp;v=MUcflf8YnqE&#8221; autoplay=&#8221;true&#8221;][mk_padding_divider size=&#8221;43&#8243;][mk_padding_divider size=&#8221;33&#8243;][mk_fancy_title color=&#8221;#1e73be&#8221; size=&#8221;30&#8243; font_family=&#8221;none&#8221;]RADIOS INTERVIEWS in French[\/mk_fancy_title][vc_video title=&#8221;Avec Fr\u00e9d\u00e9ric Taddei sur Europe 1&#8243; link=&#8221;https:\/\/www.youtube.com\/watch?v=ttfuRIA4k-Y&#8221;][mk_padding_divider size=&#8221;50&#8243;][vc_video title=&#8221;Radio Africa N\u00b01 : Roxane Butterfly et Yvette Baco avec Aissa Thiam&#8221; link=&#8221;https:\/\/youtu.be\/vVE3vUYNqdo&#8221;][mk_padding_divider size=&#8221;52&#8243;][vc_column_text css=&#8221;.vc_custom_1614184526171{margin-bottom: 0px !important;}&#8221;]\n<div class=\" vc_custom_1534022512366\">\n<div id=\"text-block-18\" class=\"mk-text-block \">\n<p>TAPmatazz &#8211;<br \/>\nEmission Femmes de Paname &#8211; FRANCE BLEUE<\/p>\n<p><a href=\"https:\/\/www.francebleu.fr\/emissions\/femmes-de-paname\/107-1\/roxane-diva-du-tap-dance\" target=\"_blank\" rel=\"noopener\"><img loading=\"lazy\" decoding=\"async\" class=\"alignnone wp-image-2159\" src=\"https:\/\/roxanebutterfly.com\/wp-content\/uploads\/2018\/08\/870x489_roxane_butterfly-300x169.jpg\" sizes=\"auto, (max-width: 870px) 100vw, 870px\" srcset=\"https:\/\/roxanebutterfly.com\/wp-content\/uploads\/2018\/08\/870x489_roxane_butterfly.jpg 870w, https:\/\/roxanebutterfly.com\/wp-content\/uploads\/2018\/08\/870x489_roxane_butterfly-300x169.jpg 300w, https:\/\/roxanebutterfly.com\/wp-content\/uploads\/2018\/08\/870x489_roxane_butterfly-768x432.jpg 768w\" alt=\"\" width=\"550\" height=\"309\" \/><\/a><\/p>\n<\/div>\n<\/div>\n[\/vc_column_text][mk_padding_divider size=&#8221;20&#8243;][vc_column_text css=&#8221;.vc_custom_1613751294297{margin-bottom: 0px !important;}&#8221;]<a href=\"https:\/\/www.franceinter.fr\/emissions\/vous-les-femmes\/vous-les-femmes-15-avril-2018\" target=\"_blank\" rel=\"noopener\">Vous Les Femmes &#8211; FRANCE INTER &#8211; Avec Daniel Morin<\/a><\/p>\n<p><img loading=\"lazy\" decoding=\"async\" class=\"alignnone wp-image-2191\" src=\"https:\/\/roxanebutterfly.com\/wp-content\/uploads\/2018\/08\/640_vous_les_femmes_de_gauche_a_droite_herve_pauchon_albert_algoud_daniel_morin_eloise_lang_roxane_butterfly_yvette_baco-1.jpg\" alt=\"\" width=\"400\" height=\"300\" srcset=\"https:\/\/roxanebutterfly.com\/wp-content\/uploads\/2018\/08\/640_vous_les_femmes_de_gauche_a_droite_herve_pauchon_albert_algoud_daniel_morin_eloise_lang_roxane_butterfly_yvette_baco-1.jpg 640w, https:\/\/roxanebutterfly.com\/wp-content\/uploads\/2018\/08\/640_vous_les_femmes_de_gauche_a_droite_herve_pauchon_albert_algoud_daniel_morin_eloise_lang_roxane_butterfly_yvette_baco-1-300x225.jpg 300w\" sizes=\"auto, (max-width: 400px) 100vw, 400px\" \/>[\/vc_column_text][mk_padding_divider size=&#8221;20&#8243;][vc_column_text css=&#8221;.vc_custom_1613751120430{margin-bottom: 0px !important;}&#8221;]<a href=\"http:\/\/worldbeats.free.fr\/audio\/francebleue.mp3\" target=\"_blank\" rel=\"noopener\">DJELLABA GROOVE &#8211; <\/a><br \/>\n<a href=\"http:\/\/worldbeats.free.fr\/audio\/francebleue.mp3\" target=\"_blank\" rel=\"noopener\">Le Journal de France Bleue<\/a><\/p>\n<p><img loading=\"lazy\" decoding=\"async\" class=\"alignnone wp-image-2206\" src=\"https:\/\/roxanebutterfly.com\/wp-content\/uploads\/2018\/08\/images.jpg\" alt=\"\" width=\"400\" height=\"268\" \/>[\/vc_column_text][\/vc_column][vc_column width=&#8221;1\/2&#8243;][mk_padding_divider size=&#8221;20&#8243;][mk_fancy_title color=&#8221;#345d7e&#8221; size=&#8221;30&#8243; force_font_size=&#8221;true&#8221; size_phone=&#8221;50&#8243; line_height=&#8221;101&#8243; txt_transform=&#8221;uppercase&#8221; margin_bottom=&#8221;0&#8243; font_family=&#8221;none&#8221; align=&#8221;center&#8221; animation=&#8221;bottom-to-top&#8221; el_class=&#8221;sectionTitles&#8221;]TV INTERVIEWS English[\/mk_fancy_title][mk_padding_divider size=&#8221;25&#8243;][vc_video title=&#8221;Roxane Butterfly \/ various international TV programs&#8221; link=&#8221;https:\/\/youtu.be\/u8A-7QfMR88&#8243;][mk_padding_divider][vc_video title=&#8221;The Women&#8217;s Connection Network&#8221; link=&#8221;https:\/\/youtu.be\/xUO7Ir8JH0c&#8221;][mk_padding_divider size=&#8221;80&#8243;][mk_fancy_title color=&#8221;#1e73be&#8221; size=&#8221;30&#8243; font_family=&#8221;none&#8221;]RADIO INTERVIEWS\u00a0 in English[\/mk_fancy_title][vc_video title=&#8221;Radio France International &#8211; Djellaba Groove in Paris&#8221; link=&#8221;https:\/\/www.youtube.com\/watch?v=_16Y23ZA-iQ&#8221;][mk_padding_divider size=&#8221;60&#8243;][vc_column_text css=&#8221;.vc_custom_1613752042198{margin-bottom: 0px !important;}&#8221;]\n<blockquote>\n<p style=\"text-align: center;\"><a href=\"http:\/\/www.bbc.co.uk\/mediacentre\/proginfo\/2011\/51\/between-the-ears\" target=\"_blank\" rel=\"noopener\">BBC \/ Between The Ears \u2013 Tap City<\/a><\/p>\n<\/blockquote>\n<p><img loading=\"lazy\" decoding=\"async\" class=\"aligncenter wp-image-2208 size-full\" title=\"Photo Robert Dray: F\u00e8s, Maroc 2006\" src=\"https:\/\/roxanebutterfly.com\/wp-content\/uploads\/2018\/08\/images-1.jpg\" alt=\"\" width=\"259\" height=\"194\" \/><\/p>\n<p style=\"text-align: center;\"><a href=\"http:\/\/worldbeats.free.fr\/audio\/rfi.mp3\" target=\"_blank\" rel=\"noopener\">RFI &#8211; DJELLABA GROOVE\/ Fes Sacred Music Festival<\/a><\/p>\n[\/vc_column_text][mk_padding_divider size=&#8221;44&#8243;][mk_fancy_title color=&#8221;#345d7e&#8221; size=&#8221;30&#8243; force_font_size=&#8221;true&#8221; size_phone=&#8221;50&#8243; line_height=&#8221;101&#8243; txt_transform=&#8221;uppercase&#8221; margin_bottom=&#8221;0&#8243; font_family=&#8221;none&#8221; align=&#8221;center&#8221; animation=&#8221;bottom-to-top&#8221; el_class=&#8221;sectionTitles&#8221;]Radio INTERVIEWS in spanish[\/mk_fancy_title][vc_video link=&#8221;https:\/\/youtu.be\/7XL7wWAuSzU&#8221;][mk_padding_divider][vc_video title=&#8221;Interview on Catalunya TV&#8221; link=&#8221;https:\/\/youtu.be\/2wbhMNiJlac&#8221;][\/vc_column][\/vc_row][vc_row][vc_column width=&#8221;1\/2&#8243;][mk_padding_divider size=&#8221;50&#8243;][mk_fancy_title color=&#8221;#345d7e&#8221; size=&#8221;40&#8243; force_font_size=&#8221;true&#8221; size_phone=&#8221;50&#8243; line_height=&#8221;101&#8243; txt_transform=&#8221;uppercase&#8221; margin_bottom=&#8221;0&#8243; font_family=&#8221;none&#8221; align=&#8221;center&#8221; animation=&#8221;bottom-to-top&#8221; el_class=&#8221;sectionTitles&#8221;]\n<p style=\"text-align: center;\">Critiques de presse<\/p>\n[\/mk_fancy_title][vc_column_text css=&#8221;.vc_custom_1728395104881{margin-bottom: 0px !important;}&#8221;]\n<p style=\"text-align: center;\"><span style=\"color: #808080;\">BEAUTEEZ\u2019n THE BEAT (2014)<br \/>\n<\/span>\u201cIn the improvised exchanges between Ms Butterfly and the younger tapper<br \/>\nAlexandria Bradley, the level of surprise and invention was delightfully high!\u201d<br \/>\n(&#8230;) \u201cThe dancers sound was paramount\u201d<br \/>\n(&#8230;) \u201cEngagingly musical and\u00a0 syncopated\u201d<br \/>\n(&#8230;) \u201cThis rhythmic conversation made any notion of hitting like a man irrelevant\u201d<br \/>\n<em>(Brian Seibert, <span style=\"color: #993300;\">NEW YORK TIMES<\/span>)<\/em><\/p>\n<p style=\"text-align: center;\"><span style=\"color: #808080;\">HOOFALOGIES (2010)<br \/>\n<\/span>\u201d Hoofalogies shows the club settings like La Cave in New York in which a generation of tappers \u2014,<br \/>\nMs. Butterfly among them \u2014 learned their craft, dancing to the ever-changing<br \/>\nrhythms offered by leading jazz musicians, cheered on and taught by greats like<br \/>\nSlyde, Chuck Green (&#8230;.)<br \/>\nExcitement filled the air; we might have been at La Cave, Slyde nodding behind us.\u201d<br \/>\n<em>(Jack Anderson, The <span style=\"color: #993300;\">NEW YORK TIMES<\/span>, 2010)<\/em><\/p>\n<p style=\"text-align: center;\"><span style=\"color: #808080;\">MOODANZA (2010)<br \/>\n<\/span>\u201cTalk about a theatrical bombshell!\u201d<br \/>\n<em>(<span style=\"color: #993300;\">MUSICAL AMERICA<\/span>)<\/em><\/p>\n<p style=\"text-align: center;\"><span style=\"color: #808080;\">DJELLABA GROOVE (2006-2008)<strong><br \/>\n<\/strong><\/span>\u201cDjellaba Groove sure isn\u2019t your grand-mother\u2019s tap-dancing!\u201d<br \/>\n<em>(Jennifer Dunning, <span style=\"color: #993300;\">NEW YORK TIMES<\/span>)<\/em><\/p>\n<p style=\"text-align: center;\">\u201cThe dancers, three tap and one flamenco, produced one staccato sequence after another,<br \/>\nexpertly interplaying with the musical score, even the trickiest syncopations sounded sharp and clear\u201d<br \/>\n<em>(Sarah Halzack, <span style=\"color: #993300;\">WASHINGTON POST<\/span>)<\/em><\/p>\n<p style=\"text-align: center;\">\u201cAn excursion across cultures, blending jazz with rhythms soaked up traveling in<br \/>\nMorocco and the Sahara desert.\u00a0 Chances are you&#8217;ve never heard tapping like this\u201d<br \/>\n<em><span style=\"color: #000000;\">(Robert Johnson, <span style=\"color: #993300;\">STAR LEDGER<\/span>)<\/span><\/em><\/p>\n<p style=\"text-align: center;\">\u201cSuch juxtaposition could look contrived but never does&#8230; Butterfly&#8217;s band,with the\u00a0 fantastic jazz cornetist Graham Haynes leading the charge, reflects her rich cross-cultural background and taste&#8230;\u00a0 Her dancing is virtually calligraphic&#8230;<br \/>\nIt tasks refines control to express this much joie de vivre\u201d<br \/>\n<em>(Eva Yaa Asantewaa, <span style=\"color: #993300;\">VILLAGE VOICE<\/span>)<\/em><\/p>\n<p style=\"text-align: center;\">\u201cDans Djellaba Groove les &#8216;claquettes&#8217; sont rendues \u00e0 leur sauvage\u00a0 libert\u00e9 &#8230;<br \/>\nUn morceau de bravoure\u201d<br \/>\n<em>(Nicolas Six, <span style=\"color: #993300;\">MAGAZINE DANSER<\/span>)<\/em><\/p>\n<p style=\"text-align: center;\">\u201cClaudia Rahardjanoto and Ali Bradley &#8230; both reflected Butterfly&#8217;s understated buyoancy.<br \/>\nSo when the three perfomed together, they enchanted with their smooth melting style\u201d<br \/>\n<em>(Wendy Liberatore, <span style=\"color: #993300;\">DAILY GAZETTE<\/span>)<\/em><\/p>\n<p style=\"text-align: center;\">\u201cButterfly&#8217;s taping has an open, laid back quality.<br \/>\nThis and the way she likes to pause and address an audience on her international<br \/>\ntap aspirations\u00a0 makes the show immediately accessible\u201d<br \/>\n<em>(Hilary Ostlere, <span style=\"color: #993300;\">FINANCIAL TIMES<\/span>)<\/em><\/p>\n<p style=\"text-align: center;\">Le m\u00e9lange culturel est parfaitement r\u00e9alis\u00e9, m\u00eame la musique est indescriptible.<br \/>\nUn spectacle unique, original, d\u00e9paysant. A voir sans h\u00e9sitation!\u201d<br \/>\n<em>(Laura Goron, <span style=\"color: #993300;\">UNIVART<\/span>)<\/em><\/p>\n[\/vc_column_text][mk_padding_divider][\/vc_column][vc_column width=&#8221;1\/2&#8243;][mk_padding_divider][mk_fancy_title color=&#8221;#1e73be&#8221; size=&#8221;40&#8243; font_family=&#8221;none&#8221;]\n<p style=\"text-align: center;\">ARTICLES choisis<\/p>\n[\/mk_fancy_title][vc_column_text css=&#8221;.vc_custom_1534175470779{margin-bottom: 0px !important;}&#8221;]\n<p class=\"Free_Form\" style=\"text-align: center;\"><a class=\"style_24\" title=\"http:\/\/www.nytimes.com\/2014\/11\/11\/arts\/dance\/syncopated-ladies-and-beauteezn-the-beat-revel-in-tap.html?_r=0\" href=\"http:\/\/www.nytimes.com\/2014\/11\/11\/arts\/dance\/syncopated-ladies-and-beauteezn-the-beat-revel-in-tap.html?_r=0\" target=\"_blank\" rel=\"noopener\">New York Times reviews BeauteeZ\u2019n The Beat<\/a><\/p>\n<p class=\"Free_Form\" style=\"text-align: center;\"><a title=\"http:\/\/www.timesunion.com\/entertainment\/article\/Roxane-Butterfly-s-Tap-Experience-explores-new-2248444.php\" href=\"http:\/\/www.timesunion.com\/entertainment\/article\/Roxane-Butterfly-s-Tap-Experience-explores-new-2248444.php\" target=\"_blank\" rel=\"noopener\">Tap Experience en Times Union<\/a><\/p>\n<p class=\"Free_Form\" style=\"text-align: center;\"><a href=\"http:\/\/www.lavanguardia.com\/cultura\/20080729\/53509222338\/yo-no-hago-fred-astaire.html\" target=\"_blank\" rel=\"noopener\"><span class=\"style_25\">La Vanguardia<\/span>: Yo no hago Fred Astaire<\/a><\/p>\n<p style=\"text-align: center;\"><a href=\"https:\/\/www.culturebot.org\/2016\/06\/25968\/collective-creation-three-genres-of-improvisation\/\" target=\"_blank\" rel=\"noopener\">Collective Creation: Three Genres of Improvisation .<br \/>\nJun 20, 2016 by Maura Donohue in Responses<\/a><\/p>\n<p style=\"text-align: center;\"><a href=\"https:\/\/www.weekendnotes.com\/rhythmic-kaleidoscope-review\/\" target=\"_blank\" rel=\"noopener\">Rhythmic Kaleidoscope \u2013 Review<\/a><\/p>\n<p style=\"text-align: center;\"><a href=\"http:\/\/www.atdf.com.au\/\" target=\"_blank\" rel=\"noopener\">Feet Fly in this Tap Dance Festival Wrap <\/a><\/p>\n<p style=\"text-align: center;\"><a title=\"http:\/\/www.dance-teacher.com\/2011\/05\/technique-roxane-butterfly\/\" href=\"http:\/\/www.dance-teacher.com\/2011\/05\/technique-roxane-butterfly\/\" target=\"_blank\" rel=\"noopener\">Cover of Dance Teacher<\/a><\/p>\n[\/vc_column_text][mk_padding_divider size=&#8221;30&#8243;][\/vc_column][\/vc_row]\n<\/div>","protected":false},"excerpt":{"rendered":"<p>[mk_page_section bg_image=&#8221;https:\/\/roxanebutterfly.com\/wp-content\/uploads\/2015\/12\/15-Roxane-Butterfly.jpg&#8221; blend_mode=&#8221;luminosity&#8221; attachment=&#8221;fixed&#8221; bg_position=&#8221;center top&#8221; bg_repeat=&#8221;no-repeat&#8221; bg_stretch=&#8221;true&#8221; enable_3d=&#8221;true&#8221; speed_factor=&#8221;0.8&#8243; min_height=&#8221;745&#8243; full_width=&#8221;true&#8221; padding_top=&#8221;0&#8243; padding_bottom=&#8221;48&#8243; top_shape_color=&#8221;#ffffff&#8221; has_bottom_shape_divider=&#8221;true&#8221; bottom_shape_color=&#8221;#ffffff&#8221; sidebar=&#8221;sidebar-1&#8243;][vc_column][vc_row_inner css=&#8221;.vc_custom_1449585288855{background-image: url(https:\/\/roxanebutterfly.com\/wp-content\/uploads\/2015\/12\/patterns4-1.png?id=23) !important;background-position: 0 0 !important;background-repeat: repeat !important;}&#8221;] [\/vc_row_inner][\/vc_column][\/mk_page_section][vc_row][vc_column width=&#8221;1\/2&#8243;][mk_padding_divider size=&#8221;15&#8243;][mk_fancy_title color=&#8221;#1e73be&#8221; size=&#8221;30&#8243; font_family=&#8221;none&#8221;]TV INTERVIEWS in French[\/mk_fancy_title][vc_video title=&#8221;Afronight sur T\u00e9l\u00e9sud par Serge Fattoh avec Roxane Butterfly&#8221; link=&#8221;https:\/\/youtu.be\/aiBzfGaCU1Y&#8221;][mk_padding_divider size=&#8221;46&#8243;][vc_video title=&#8221;TAPmatazz sur France 3&#8243; link=&#8221;https:\/\/www.youtube.com\/watch?time_continue=1&amp;v=MUcflf8YnqE&#8221; autoplay=&#8221;true&#8221;][mk_padding_divider size=&#8221;43&#8243;][mk_padding_divider size=&#8221;33&#8243;][mk_fancy_title color=&#8221;#1e73be&#8221; [&hellip;]<\/p>\n","protected":false},"author":3,"featured_media":0,"parent":0,"menu_order":0,"comment_status":"closed","ping_status":"closed","template":"","meta":{"_monsterinsights_skip_tracking":false,"_monsterinsights_sitenote_active":false,"_monsterinsights_sitenote_note":"","_monsterinsights_sitenote_category":0,"footnotes":""},"class_list":["post-176","page","type-page","status-publish","hentry"],"aioseo_notices":[],"_links":{"self":[{"href":"https:\/\/roxanebutterfly.com\/en\/wp-json\/wp\/v2\/pages\/176","targetHints":{"allow":["GET"]}}],"collection":[{"href":"https:\/\/roxanebutterfly.com\/en\/wp-json\/wp\/v2\/pages"}],"about":[{"href":"https:\/\/roxanebutterfly.com\/en\/wp-json\/wp\/v2\/types\/page"}],"author":[{"embeddable":true,"href":"https:\/\/roxanebutterfly.com\/en\/wp-json\/wp\/v2\/users\/3"}],"replies":[{"embeddable":true,"href":"https:\/\/roxanebutterfly.com\/en\/wp-json\/wp\/v2\/comments?post=176"}],"version-history":[{"count":145,"href":"https:\/\/roxanebutterfly.com\/en\/wp-json\/wp\/v2\/pages\/176\/revisions"}],"predecessor-version":[{"id":5945,"href":"https:\/\/roxanebutterfly.com\/en\/wp-json\/wp\/v2\/pages\/176\/revisions\/5945"}],"wp:attachment":[{"href":"https:\/\/roxanebutterfly.com\/en\/wp-json\/wp\/v2\/media?parent=176"}],"curies":[{"name":"wp","href":"https:\/\/api.w.org\/{rel}","templated":true}]}}