{"id":2,"date":"2016-07-05T03:21:29","date_gmt":"2016-07-05T03:21:29","guid":{"rendered":"http:\/\/roxanebutterfly.com\/?page_id=2"},"modified":"2025-08-06T09:17:45","modified_gmt":"2025-08-06T09:17:45","slug":"shows","status":"publish","type":"page","link":"https:\/\/roxanebutterfly.com\/en\/shows\/","title":{"rendered":"Shows"},"content":{"rendered":"<div class=\"wpb-content-wrapper\">[mk_page_section bg_image=&#8221;https:\/\/roxanebutterfly.com\/wp-content\/uploads\/2016\/07\/roxane-butterfly_shows.jpg&#8221; blend_mode=&#8221;luminosity&#8221; attachment=&#8221;fixed&#8221; bg_position=&#8221;center top&#8221; bg_stretch=&#8221;true&#8221; enable_3d=&#8221;true&#8221; speed_factor=&#8221;0.8&#8243; min_height=&#8221;972&#8243; full_width=&#8221;true&#8221; padding_bottom=&#8221;48&#8243; top_shape_color=&#8221;#ffffff&#8221; has_bottom_shape_divider=&#8221;true&#8221; bottom_shape_color=&#8221;#ffffff&#8221; sidebar=&#8221;sidebar-1&#8243;][\/mk_page_section][vc_row][vc_column][mk_padding_divider][mk_fancy_title color=&#8221;#dd9933&#8243; force_font_size=&#8221;true&#8221; txt_transform=&#8221;lowercase&#8221; font_family=&#8221;none&#8221;]\n<h3>Roxane Butterfly<\/h3>\n<p><strong>Multi-dimensional rhythmician&#8230;<\/strong><\/p>\n[\/mk_fancy_title][mk_padding_divider size=&#8221;10&#8243;][vc_column_text css=&#8221;.vc_custom_1654468200277{margin-bottom: 0px !important;}&#8221;]\n<p>Tap-dance has allowed me to travel freely around the world. \u00a0The power to create rhythm with my dance blessed me with a sort of natural legitimacy which has helped me gain access to specific communities, despite the distance that my being an occidental woman could have otherwise generated. My shows reflect this spectacular mosaic of multiple and unexpected encounterings which have formed the cement of my expression<em>.\u00a0<i>(Roxane Butterfly)<\/i><br \/>\n<\/em><\/p>\n[\/vc_column_text][mk_padding_divider size=&#8221;20&#8243;][vc_column_text css=&#8221;.vc_custom_1753701993529{margin-bottom: 0px !important;}&#8221;] <strong>Current productions<\/strong><\/p>\n<p><a href=\"https:\/\/roxanebutterfly.com\/tap-inclusion\/\" target=\"_blank\" rel=\"noopener\"><i>Conversation with my daughter<\/i><\/a>:<br \/>\nWhen tap-dance\u00a0 becomes a voice for those who do not have one.\u00a0 An exceptional mother-daughter duet which deconstructs all stereoptypes surrounding down syndrome. An hymn to the value of that which is different.<\/p>\n<p>&nbsp;<\/p>\n<p><a href=\"https:\/\/roxanebutterfly.com\/tap-inclusion\/\" target=\"_blank\" rel=\"noopener\"><img loading=\"lazy\" decoding=\"async\" class=\"alignnone wp-image-4897\" src=\"https:\/\/roxanebutterfly.com\/wp-content\/uploads\/2023\/11\/img_9418-1-1024x599.jpeg\" alt=\"\" width=\"575\" height=\"336\" srcset=\"https:\/\/roxanebutterfly.com\/wp-content\/uploads\/2023\/11\/img_9418-1-1024x599.jpeg 1024w, https:\/\/roxanebutterfly.com\/wp-content\/uploads\/2023\/11\/img_9418-1-300x176.jpeg 300w, https:\/\/roxanebutterfly.com\/wp-content\/uploads\/2023\/11\/img_9418-1-768x449.jpeg 768w, https:\/\/roxanebutterfly.com\/wp-content\/uploads\/2023\/11\/img_9418-1-708x414.jpeg 708w\" sizes=\"auto, (max-width: 575px) 100vw, 575px\" \/><\/a> <!--more-->[\/vc_column_text][mk_padding_divider size=&#8221;20&#8243;][\/vc_column][\/vc_row][vc_row][vc_column width=&#8221;1\/2&#8243;][vc_column_text css=&#8221;.vc_custom_1753190769062{margin-bottom: 0px !important;}&#8221;]<a href=\"https:\/\/roxanebutterfly.com\/wp-content\/uploads\/2025\/07\/tapmatazz-july.pdf\"><em>TAPmatazz:<\/em> <\/a><br \/>\nFrom Congo Square to Paris via the Cotton Club.<em><br \/>\n<\/em><!--more-->[\/vc_column_text][mk_padding_divider size=&#8221;20&#8243;][vc_video link=&#8221;https:\/\/www.youtube.com\/watch?v=CIY-BFsoGkY&#8221;][mk_padding_divider size=&#8221;20&#8243;][vc_column_text css=&#8221;.vc_custom_1654469696552{margin-bottom: 0px !important;}&#8221;]\n<blockquote><p><em> \u00a0Tapmatazz is just a formidable experience! A\u00a0 genius entrance door that breaks the 4th wall and erases the frontier between stage and audience (\u2026). The dance is nothing but virtuosity (\u2026)\u00a0 The public was delighted. (\u2026). My goal was to propose a jazz event to my audience, beyond a strictly musical viewpoint (&#8230;) Mission accomplished! \u00bb (Henri Dalem, director of Th\u00e9\u00e2tre des P\u00e9nitents)<\/em><\/p><\/blockquote>\n[\/vc_column_text][\/vc_column][\/vc_row][vc_row][vc_column][mk_padding_divider size=&#8221;25&#8243;][vc_column_text css=&#8221;.vc_custom_1753212370893{margin-bottom: 0px !important;}&#8221;]<strong>Les collaborations<\/strong>[\/vc_column_text][\/vc_column][vc_column][\/vc_column][\/vc_row][vc_row][vc_column width=&#8221;1\/2&#8243;][mk_padding_divider size=&#8221;10&#8243;][vc_video title=&#8221;For Manu Dibango &#8211; Afro-Jazz&#8221; link=&#8221;https:\/\/www.youtube.com\/watch?v=saOxDPqendM&#8221;][mk_padding_divider size=&#8221;20&#8243;][vc_video title=&#8221;BLENDRUMS with Leonard Eto &#8211; Japanese Taiko drums&#8221; link=&#8221;https:\/\/youtu.be\/tg4MMAocpDs&#8221;][mk_padding_divider size=&#8221;20&#8243;][\/vc_column][vc_column width=&#8221;1\/2&#8243;][mk_padding_divider size=&#8221;10&#8243;][vc_video title=&#8221;Balembo Caf\u00e9 &#8211; With Justin Bowen&#8221; link=&#8221;https:\/\/www.youtube.com\/watch?v=nEqm3GqhMI0&#8243;][mk_padding_divider size=&#8221;20&#8243;][vc_video title=&#8221;Slovakian-Gypsy Rhythm Exchange&#8221; link=&#8221;https:\/\/www.youtube.com\/watch?v=s0RNhakE_mM&#8221;][mk_padding_divider size=&#8221;20&#8243;][\/vc_column][\/vc_row][vc_row][vc_column][mk_padding_divider][mk_fancy_title color=&#8221;#dd9933&#8243; size=&#8221;18&#8243; font_weight=&#8221;600&#8243; font_family=&#8221;none&#8221;]\n<h4>Past productions<\/h4>\n[\/mk_fancy_title][\/vc_column][vc_column width=&#8221;1\/2&#8243;][vc_video title=&#8221;JOURNEY OF THE MIGRATING SOLE &#8211; Flamenco\/Arab Tap fusion&#8221; link=&#8221;https:\/\/www.youtube.com\/watch?v=AwyDOoIxuYE&#8221;][mk_padding_divider][vc_video title=&#8221;BeauteeZ\u2019n The Beat (Revival) -The Original All Women Collective&#8221; link=&#8221;https:\/\/youtu.be\/RjDbgfNckOs&#8221;][mk_padding_divider][\/vc_column][vc_column width=&#8221;1\/2&#8243;][vc_video title=&#8221;Djellaba Groove &#8211; Tap travels to North Africa&#8221; link=&#8221;https:\/\/youtu.be\/49gi-iYJ1F0&#8243;][mk_padding_divider][\/vc_column][\/vc_row][vc_row][vc_column][\/vc_column][\/vc_row]\n<\/div>","protected":false},"excerpt":{"rendered":"<p>Sorry, this entry is only available in Fran\u00e7ais.[mk_page_section bg_image=&#8221;https:\/\/roxanebutterfly.com\/wp-content\/uploads\/2016\/07\/roxane-butterfly_shows.jpg&#8221; blend_mode=&#8221;luminosity&#8221; attachment=&#8221;fixed&#8221; bg_position=&#8221;center top&#8221; bg_stretch=&#8221;true&#8221; enable_3d=&#8221;true&#8221; speed_factor=&#8221;0.8&#8243; min_height=&#8221;972&#8243; full_width=&#8221;true&#8221; padding_bottom=&#8221;48&#8243; top_shape_color=&#8221;#ffffff&#8221; has_bottom_shape_divider=&#8221;true&#8221; bottom_shape_color=&#8221;#ffffff&#8221; sidebar=&#8221;sidebar-1&#8243;][\/mk_page_section][vc_row][vc_column][mk_padding_divider][mk_fancy_title color=&#8221;#dd9933&#8243; force_font_size=&#8221;true&#8221; txt_transform=&#8221;lowercase&#8221; font_family=&#8221;none&#8221;] Roxane Butterfly Chor\u00e9graphe, rythmicienne multi-dimensionelle [\/mk_fancy_title][mk_padding_divider size=&#8221;10&#8243;][vc_column_text css=&#8221;.vc_custom_1654468200277{margin-bottom: 0px !important;}&#8221;] Le tap-dance est le v\u00e9hicule qui m\u2019a permi de voyager dans le monde entier. Le pouvoir de cr\u00e9er [&hellip;]<\/p>\n","protected":false},"author":3,"featured_media":0,"parent":0,"menu_order":0,"comment_status":"closed","ping_status":"open","template":"","meta":{"_monsterinsights_skip_tracking":false,"_monsterinsights_sitenote_active":false,"_monsterinsights_sitenote_note":"","_monsterinsights_sitenote_category":0,"footnotes":""},"class_list":["post-2","page","type-page","status-publish","hentry"],"aioseo_notices":[],"_links":{"self":[{"href":"https:\/\/roxanebutterfly.com\/en\/wp-json\/wp\/v2\/pages\/2","targetHints":{"allow":["GET"]}}],"collection":[{"href":"https:\/\/roxanebutterfly.com\/en\/wp-json\/wp\/v2\/pages"}],"about":[{"href":"https:\/\/roxanebutterfly.com\/en\/wp-json\/wp\/v2\/types\/page"}],"author":[{"embeddable":true,"href":"https:\/\/roxanebutterfly.com\/en\/wp-json\/wp\/v2\/users\/3"}],"replies":[{"embeddable":true,"href":"https:\/\/roxanebutterfly.com\/en\/wp-json\/wp\/v2\/comments?post=2"}],"version-history":[{"count":133,"href":"https:\/\/roxanebutterfly.com\/en\/wp-json\/wp\/v2\/pages\/2\/revisions"}],"predecessor-version":[{"id":6032,"href":"https:\/\/roxanebutterfly.com\/en\/wp-json\/wp\/v2\/pages\/2\/revisions\/6032"}],"wp:attachment":[{"href":"https:\/\/roxanebutterfly.com\/en\/wp-json\/wp\/v2\/media?parent=2"}],"curies":[{"name":"wp","href":"https:\/\/api.w.org\/{rel}","templated":true}]}}